{"id":397,"date":"2025-09-11T20:00:27","date_gmt":"2025-09-11T20:00:27","guid":{"rendered":"https:\/\/www.tedleyn.com\/?page_id=397"},"modified":"2025-09-12T19:21:21","modified_gmt":"2025-09-12T19:21:21","slug":"iletisim","status":"publish","type":"page","link":"https:\/\/www.tedleyn.com\/index.php\/iletisim\/","title":{"rendered":"\u0130leti\u015fim"},"content":{"rendered":"\t\t<div data-elementor-type=\"wp-page\" data-elementor-id=\"397\" class=\"elementor elementor-397\" data-elementor-post-type=\"page\">\n\t\t\t\t<div class=\"elementor-element elementor-element-8e75fce e-flex e-con-boxed e-con e-parent\" data-id=\"8e75fce\" data-element_type=\"container\">\n\t\t\t\t\t<div class=\"e-con-inner\">\n\t\t\t\t<div class=\"elementor-element elementor-element-b4e140f elementor-widget elementor-widget-heading\" data-id=\"b4e140f\" data-element_type=\"widget\" data-widget_type=\"heading.default\">\n\t\t\t\t\t<h2 class=\"elementor-heading-title elementor-size-default\">Bizimle \u0130leti\u015fime Ge\u00e7in<\/h2>\t\t\t\t<\/div>\n\t\t\t\t\t<\/div>\n\t\t\t\t<\/div>\n\t\t<div class=\"elementor-element elementor-element-6016296 e-flex e-con-boxed e-con e-parent\" data-id=\"6016296\" data-element_type=\"container\">\n\t\t\t\t\t<div class=\"e-con-inner\">\n\t\t\t\t<div class=\"elementor-element elementor-element-35258f7 elementor-widget elementor-widget-text-editor\" data-id=\"35258f7\" data-element_type=\"widget\" data-widget_type=\"text-editor.default\">\n\t\t\t\t\t\t\t\t\t<p>Tedleyn Medya ekibi olarak okuyucular\u0131m\u0131z\u0131n ve i\u015f ortaklar\u0131m\u0131z\u0131n geri bildirimlerine b\u00fcy\u00fck \u00f6nem veriyoruz. Haber ipu\u00e7lar\u0131, etkinliklerle ilgili sorular, reklam ve sponsorluk teklifleri veya teknik sorunlar\u0131n\u0131z i\u00e7in a\u015fa\u011f\u0131daki formu kullanarak bizimle ileti\u015fime ge\u00e7ebilirsiniz. Size en k\u0131sa s\u00fcrede d\u00f6n\u00fc\u015f yapaca\u011f\u0131z.<\/p>\t\t\t\t\t\t\t\t<\/div>\n\t\t\t\t\t<\/div>\n\t\t\t\t<\/div>\n\t\t<div class=\"elementor-element elementor-element-bb6b4ba e-flex e-con-boxed e-con e-parent\" data-id=\"bb6b4ba\" data-element_type=\"container\">\n\t\t\t\t\t<div class=\"e-con-inner\">\n\t\t\t\t<div class=\"elementor-element elementor-element-4965f8a elementor-button-align-stretch elementor-widget elementor-widget-form\" data-id=\"4965f8a\" data-element_type=\"widget\" data-settings=\"{&quot;step_next_label&quot;:&quot;\\u0130leri&quot;,&quot;step_previous_label&quot;:&quot;Geri&quot;,&quot;button_width&quot;:&quot;100&quot;,&quot;step_type&quot;:&quot;number_text&quot;,&quot;step_icon_shape&quot;:&quot;circle&quot;}\" data-widget_type=\"form.default\">\n\t\t\t\t\t\t\t<form class=\"elementor-form\" method=\"post\" name=\"\u0130leti\u015fim\" aria-label=\"\u0130leti\u015fim\">\n\t\t\t<input type=\"hidden\" name=\"post_id\" value=\"397\"\/>\n\t\t\t<input type=\"hidden\" name=\"form_id\" value=\"4965f8a\"\/>\n\t\t\t<input type=\"hidden\" name=\"referer_title\" value=\"\u0130leti\u015fim - Tedleyn Medya\" \/>\n\n\t\t\t\t\t\t\t<input type=\"hidden\" name=\"queried_id\" value=\"397\"\/>\n\t\t\t\n\t\t\t<div class=\"elementor-form-fields-wrapper elementor-labels-above\">\n\t\t\t\t\t\t\t\t<div class=\"elementor-field-type-text elementor-field-group elementor-column elementor-field-group-name elementor-col-100\">\n\t\t\t\t\t\t\t\t\t\t\t\t<label for=\"form-field-name\" class=\"elementor-field-label\">\n\t\t\t\t\t\t\t\tAd Soyad\t\t\t\t\t\t\t<\/label>\n\t\t\t\t\t\t\t\t\t\t\t\t\t\t<input size=\"1\" type=\"text\" name=\"form_fields[name]\" id=\"form-field-name\" class=\"elementor-field elementor-size-md  elementor-field-textual\">\n\t\t\t\t\t\t\t\t\t\t\t<\/div>\n\t\t\t\t\t\t\t\t<div class=\"elementor-field-type-email elementor-field-group elementor-column elementor-field-group-email elementor-col-100 elementor-field-required\">\n\t\t\t\t\t\t\t\t\t\t\t\t<label for=\"form-field-email\" class=\"elementor-field-label\">\n\t\t\t\t\t\t\t\tE-posta\t\t\t\t\t\t\t<\/label>\n\t\t\t\t\t\t\t\t\t\t\t\t\t\t<input size=\"1\" type=\"email\" name=\"form_fields[email]\" id=\"form-field-email\" class=\"elementor-field elementor-size-md  elementor-field-textual\" required=\"required\">\n\t\t\t\t\t\t\t\t\t\t\t<\/div>\n\t\t\t\t\t\t\t\t<div class=\"elementor-field-type-select elementor-field-group elementor-column elementor-field-group-field_d64e88a elementor-col-100 elementor-field-required\">\n\t\t\t\t\t\t\t\t\t\t\t\t<label for=\"form-field-field_d64e88a\" class=\"elementor-field-label\">\n\t\t\t\t\t\t\t\tSurunuz Nedir ?\t\t\t\t\t\t\t<\/label>\n\t\t\t\t\t\t\t\t<div class=\"elementor-field elementor-select-wrapper remove-before \">\n\t\t\t<div class=\"select-caret-down-wrapper\">\n\t\t\t\t<svg aria-hidden=\"true\" class=\"e-font-icon-svg e-eicon-caret-down\" viewBox=\"0 0 571.4 571.4\" xmlns=\"http:\/\/www.w3.org\/2000\/svg\"><path d=\"M571 393Q571 407 561 418L311 668Q300 679 286 679T261 668L11 418Q0 407 0 393T11 368 36 357H536Q550 357 561 368T571 393Z\"><\/path><\/svg>\t\t\t<\/div>\n\t\t\t<select name=\"form_fields[field_d64e88a]\" id=\"form-field-field_d64e88a\" class=\"elementor-field-textual elementor-size-md\" required=\"required\">\n\t\t\t\t\t\t\t\t\t<option value=\"L\u00fctfen Se\u00e7in\">L\u00fctfen Se\u00e7in<\/option>\n\t\t\t\t\t\t\t\t\t<option value=\"Haber \u0130pu\u00e7lar\u0131\">Haber \u0130pu\u00e7lar\u0131<\/option>\n\t\t\t\t\t\t\t\t\t<option value=\"Etkinliklerle \u0130lgili Sorular\">Etkinliklerle \u0130lgili Sorular<\/option>\n\t\t\t\t\t\t\t\t\t<option value=\"Reklam ve Sponsorluklar\">Reklam ve Sponsorluklar<\/option>\n\t\t\t\t\t\t\t\t\t<option value=\"Hata Raporlar\u0131\">Hata Raporlar\u0131<\/option>\n\t\t\t\t\t\t\t<\/select>\n\t\t<\/div>\n\t\t\t\t\t\t<\/div>\n\t\t\t\t\t\t\t\t<div class=\"elementor-field-type-textarea elementor-field-group elementor-column elementor-field-group-message elementor-col-100\">\n\t\t\t\t\t\t\t\t\t\t\t\t<label for=\"form-field-message\" class=\"elementor-field-label\">\n\t\t\t\t\t\t\t\tMesaj\u0131n\u0131z\t\t\t\t\t\t\t<\/label>\n\t\t\t\t\t\t<textarea class=\"elementor-field-textual elementor-field  elementor-size-md\" name=\"form_fields[message]\" id=\"form-field-message\" rows=\"4\"><\/textarea>\t\t\t\t<\/div>\n\t\t\t\t\t\t\t\t<div class=\"elementor-field-group elementor-column elementor-field-type-submit elementor-col-100 e-form__buttons\">\n\t\t\t\t\t<button class=\"elementor-button elementor-size-sm\" type=\"submit\">\n\t\t\t\t\t\t<span class=\"elementor-button-content-wrapper\">\n\t\t\t\t\t\t\t\t\t\t\t\t\t\t\t\t\t\t\t\t\t\t<span class=\"elementor-button-text\">G\u00f6nder<\/span>\n\t\t\t\t\t\t\t\t\t\t\t\t\t<\/span>\n\t\t\t\t\t<\/button>\n\t\t\t\t<\/div>\n\t\t\t<\/div>\n\t\t<\/form>\n\t\t\t\t\t\t<\/div>\n\t\t\t\t\t<\/div>\n\t\t\t\t<\/div>\n\t\t<div class=\"elementor-element elementor-element-fd85200 e-flex e-con-boxed e-con e-parent\" data-id=\"fd85200\" data-element_type=\"container\">\n\t\t\t\t\t<div class=\"e-con-inner\">\n\t\t\t\t<div class=\"elementor-element elementor-element-3d7f4ff elementor-widget elementor-widget-text-editor\" data-id=\"3d7f4ff\" data-element_type=\"widget\" data-widget_type=\"text-editor.default\">\n\t\t\t\t\t\t\t\t\t<p>Dilerseniz bizimle <strong data-start=\"1063\" data-end=\"1087\"><a class=\"decorated-link cursor-pointer\" rel=\"noopener\" data-start=\"1065\" data-end=\"1085\">iletisim@tedleyn.com<\/a><\/strong> adresi \u00fczerinden de do\u011frudan ileti\u015fime ge\u00e7ebilirsiniz.<\/p>\t\t\t\t\t\t\t\t<\/div>\n\t\t\t\t\t<\/div>\n\t\t\t\t<\/div>\n\t\t\t\t<\/div>\n\t\t","protected":false},"excerpt":{"rendered":"<p>Bizimle \u0130leti\u015fime Ge\u00e7in Tedleyn Medya ekibi olarak okuyucular\u0131m\u0131z\u0131n ve i\u015f ortaklar\u0131m\u0131z\u0131n geri bildirimlerine b\u00fcy\u00fck \u00f6nem veriyoruz. Haber ipu\u00e7lar\u0131, etkinliklerle ilgili sorular, reklam ve sponsorluk teklifleri veya teknik sorunlar\u0131n\u0131z i\u00e7in a\u015fa\u011f\u0131daki formu kullanarak bizimle ileti\u015fime ge\u00e7ebilirsiniz. Size en k\u0131sa s\u00fcrede d\u00f6n\u00fc\u015f yapaca\u011f\u0131z. Dilerseniz bizimle iletisim@tedleyn.com adresi \u00fczerinden de do\u011frudan ileti\u015fime ge\u00e7ebilirsiniz.<\/p>\n","protected":false},"author":1,"featured_media":0,"parent":0,"menu_order":0,"comment_status":"closed","ping_status":"closed","template":"","meta":{"jnews_page_loop":{"first_title":"Latest Post","header_type":"heading_6","layout":"right-sidebar","sidebar":"default-sidebar","second_sidebar":"default-sidebar","sticky_sidebar":"1","module":"3","main_custom_image_size":"default","second_custom_image_size":"default","excerpt_length":"20","content_date":"default","date_custom":"Y\/m\/d","content_pagination":"nav_1","pagination_align":"center","post_sticky":"0","post_offset":"0","posts_per_page":"5","sort_by":"latest"},"jnews_single_page":{"layout":"no-sidebar","sidebar":"default-sidebar","second_sidebar":"default-sidebar","sticky_sidebar":"1","show_post_title":"1","show_post_breadcrumbs":"1","show_post_featured":"1","share_position":"top","share_color":"share-monocrhome"},"footnotes":""},"class_list":["post-397","page","type-page","status-publish","hentry"],"yoast_head":"<!-- This site is optimized with the Yoast SEO plugin v27.3 - https:\/\/yoast.com\/product\/yoast-seo-wordpress\/ -->\n<title>\u0130leti\u015fim - Tedleyn Medya<\/title>\n<meta name=\"robots\" content=\"index, follow, max-snippet:-1, max-image-preview:large, max-video-preview:-1\" \/>\n<link rel=\"canonical\" href=\"https:\/\/www.tedleyn.com\/index.php\/iletisim\/\" \/>\n<meta property=\"og:locale\" content=\"tr_TR\" \/>\n<meta property=\"og:type\" content=\"article\" \/>\n<meta property=\"og:title\" content=\"\u0130leti\u015fim - Tedleyn Medya\" \/>\n<meta property=\"og:description\" content=\"Bizimle \u0130leti\u015fime Ge\u00e7in Tedleyn Medya ekibi olarak okuyucular\u0131m\u0131z\u0131n ve i\u015f ortaklar\u0131m\u0131z\u0131n geri bildirimlerine b\u00fcy\u00fck \u00f6nem veriyoruz. Haber ipu\u00e7lar\u0131, etkinliklerle ilgili sorular, reklam ve sponsorluk teklifleri veya teknik sorunlar\u0131n\u0131z i\u00e7in a\u015fa\u011f\u0131daki formu kullanarak bizimle ileti\u015fime ge\u00e7ebilirsiniz. Size en k\u0131sa s\u00fcrede d\u00f6n\u00fc\u015f yapaca\u011f\u0131z. Dilerseniz bizimle iletisim@tedleyn.com adresi \u00fczerinden de do\u011frudan ileti\u015fime ge\u00e7ebilirsiniz.\" \/>\n<meta property=\"og:url\" content=\"https:\/\/www.tedleyn.com\/index.php\/iletisim\/\" \/>\n<meta property=\"og:site_name\" content=\"Tedleyn Medya\" \/>\n<meta property=\"article:publisher\" content=\"https:\/\/www.facebook.com\/Tedleynmedya\" \/>\n<meta property=\"article:modified_time\" content=\"2025-09-12T19:21:21+00:00\" \/>\n<meta name=\"twitter:card\" content=\"summary_large_image\" \/>\n<meta name=\"twitter:site\" content=\"@TedleynMedya\" \/>\n<meta name=\"twitter:label1\" content=\"Tahmini okuma s\u00fcresi\" \/>\n\t<meta name=\"twitter:data1\" content=\"1 dakika\" \/>\n<script type=\"application\/ld+json\" class=\"yoast-schema-graph\">{\"@context\":\"https:\\\/\\\/schema.org\",\"@graph\":[{\"@type\":\"WebPage\",\"@id\":\"https:\\\/\\\/www.tedleyn.com\\\/index.php\\\/iletisim\\\/\",\"url\":\"https:\\\/\\\/www.tedleyn.com\\\/index.php\\\/iletisim\\\/\",\"name\":\"\u0130leti\u015fim - Tedleyn Medya\",\"isPartOf\":{\"@id\":\"https:\\\/\\\/www.tedleyn.com\\\/#website\"},\"datePublished\":\"2025-09-11T20:00:27+00:00\",\"dateModified\":\"2025-09-12T19:21:21+00:00\",\"breadcrumb\":{\"@id\":\"https:\\\/\\\/www.tedleyn.com\\\/index.php\\\/iletisim\\\/#breadcrumb\"},\"inLanguage\":\"tr\",\"potentialAction\":[{\"@type\":\"ReadAction\",\"target\":[\"https:\\\/\\\/www.tedleyn.com\\\/index.php\\\/iletisim\\\/\"]}]},{\"@type\":\"BreadcrumbList\",\"@id\":\"https:\\\/\\\/www.tedleyn.com\\\/index.php\\\/iletisim\\\/#breadcrumb\",\"itemListElement\":[{\"@type\":\"ListItem\",\"position\":1,\"name\":\"Anasayfa\",\"item\":\"https:\\\/\\\/www.tedleyn.com\\\/\"},{\"@type\":\"ListItem\",\"position\":2,\"name\":\"\u0130leti\u015fim\"}]},{\"@type\":\"WebSite\",\"@id\":\"https:\\\/\\\/www.tedleyn.com\\\/#website\",\"url\":\"https:\\\/\\\/www.tedleyn.com\\\/\",\"name\":\"Tedleyn Medya\",\"description\":\"&ldquo;Yapay Zeka &bull; Teknoloji &bull; Tasar\u0131mda Yeni Nesil Medya&rdquo;\",\"publisher\":{\"@id\":\"https:\\\/\\\/www.tedleyn.com\\\/#organization\"},\"potentialAction\":[{\"@type\":\"SearchAction\",\"target\":{\"@type\":\"EntryPoint\",\"urlTemplate\":\"https:\\\/\\\/www.tedleyn.com\\\/?s={search_term_string}\"},\"query-input\":{\"@type\":\"PropertyValueSpecification\",\"valueRequired\":true,\"valueName\":\"search_term_string\"}}],\"inLanguage\":\"tr\"},{\"@type\":\"Organization\",\"@id\":\"https:\\\/\\\/www.tedleyn.com\\\/#organization\",\"name\":\"Tedleyn Medya\",\"url\":\"https:\\\/\\\/www.tedleyn.com\\\/\",\"logo\":{\"@type\":\"ImageObject\",\"inLanguage\":\"tr\",\"@id\":\"https:\\\/\\\/www.tedleyn.com\\\/#\\\/schema\\\/logo\\\/image\\\/\",\"url\":\"https:\\\/\\\/www.tedleyn.com\\\/wp-content\\\/uploads\\\/2025\\\/09\\\/logo_3.png\",\"contentUrl\":\"https:\\\/\\\/www.tedleyn.com\\\/wp-content\\\/uploads\\\/2025\\\/09\\\/logo_3.png\",\"width\":313,\"height\":268,\"caption\":\"Tedleyn Medya\"},\"image\":{\"@id\":\"https:\\\/\\\/www.tedleyn.com\\\/#\\\/schema\\\/logo\\\/image\\\/\"},\"sameAs\":[\"https:\\\/\\\/www.facebook.com\\\/Tedleynmedya\",\"https:\\\/\\\/x.com\\\/TedleynMedya\"]}]}<\/script>\n<!-- \/ Yoast SEO plugin. -->","yoast_head_json":{"title":"\u0130leti\u015fim - Tedleyn Medya","robots":{"index":"index","follow":"follow","max-snippet":"max-snippet:-1","max-image-preview":"max-image-preview:large","max-video-preview":"max-video-preview:-1"},"canonical":"https:\/\/www.tedleyn.com\/index.php\/iletisim\/","og_locale":"tr_TR","og_type":"article","og_title":"\u0130leti\u015fim - Tedleyn Medya","og_description":"Bizimle \u0130leti\u015fime Ge\u00e7in Tedleyn Medya ekibi olarak okuyucular\u0131m\u0131z\u0131n ve i\u015f ortaklar\u0131m\u0131z\u0131n geri bildirimlerine b\u00fcy\u00fck \u00f6nem veriyoruz. Haber ipu\u00e7lar\u0131, etkinliklerle ilgili sorular, reklam ve sponsorluk teklifleri veya teknik sorunlar\u0131n\u0131z i\u00e7in a\u015fa\u011f\u0131daki formu kullanarak bizimle ileti\u015fime ge\u00e7ebilirsiniz. Size en k\u0131sa s\u00fcrede d\u00f6n\u00fc\u015f yapaca\u011f\u0131z. Dilerseniz bizimle iletisim@tedleyn.com adresi \u00fczerinden de do\u011frudan ileti\u015fime ge\u00e7ebilirsiniz.","og_url":"https:\/\/www.tedleyn.com\/index.php\/iletisim\/","og_site_name":"Tedleyn Medya","article_publisher":"https:\/\/www.facebook.com\/Tedleynmedya","article_modified_time":"2025-09-12T19:21:21+00:00","twitter_card":"summary_large_image","twitter_site":"@TedleynMedya","twitter_misc":{"Tahmini okuma s\u00fcresi":"1 dakika"},"schema":{"@context":"https:\/\/schema.org","@graph":[{"@type":"WebPage","@id":"https:\/\/www.tedleyn.com\/index.php\/iletisim\/","url":"https:\/\/www.tedleyn.com\/index.php\/iletisim\/","name":"\u0130leti\u015fim - Tedleyn Medya","isPartOf":{"@id":"https:\/\/www.tedleyn.com\/#website"},"datePublished":"2025-09-11T20:00:27+00:00","dateModified":"2025-09-12T19:21:21+00:00","breadcrumb":{"@id":"https:\/\/www.tedleyn.com\/index.php\/iletisim\/#breadcrumb"},"inLanguage":"tr","potentialAction":[{"@type":"ReadAction","target":["https:\/\/www.tedleyn.com\/index.php\/iletisim\/"]}]},{"@type":"BreadcrumbList","@id":"https:\/\/www.tedleyn.com\/index.php\/iletisim\/#breadcrumb","itemListElement":[{"@type":"ListItem","position":1,"name":"Anasayfa","item":"https:\/\/www.tedleyn.com\/"},{"@type":"ListItem","position":2,"name":"\u0130leti\u015fim"}]},{"@type":"WebSite","@id":"https:\/\/www.tedleyn.com\/#website","url":"https:\/\/www.tedleyn.com\/","name":"Tedleyn Medya","description":"&ldquo;Yapay Zeka &bull; Teknoloji &bull; Tasar\u0131mda Yeni Nesil Medya&rdquo;","publisher":{"@id":"https:\/\/www.tedleyn.com\/#organization"},"potentialAction":[{"@type":"SearchAction","target":{"@type":"EntryPoint","urlTemplate":"https:\/\/www.tedleyn.com\/?s={search_term_string}"},"query-input":{"@type":"PropertyValueSpecification","valueRequired":true,"valueName":"search_term_string"}}],"inLanguage":"tr"},{"@type":"Organization","@id":"https:\/\/www.tedleyn.com\/#organization","name":"Tedleyn Medya","url":"https:\/\/www.tedleyn.com\/","logo":{"@type":"ImageObject","inLanguage":"tr","@id":"https:\/\/www.tedleyn.com\/#\/schema\/logo\/image\/","url":"https:\/\/www.tedleyn.com\/wp-content\/uploads\/2025\/09\/logo_3.png","contentUrl":"https:\/\/www.tedleyn.com\/wp-content\/uploads\/2025\/09\/logo_3.png","width":313,"height":268,"caption":"Tedleyn Medya"},"image":{"@id":"https:\/\/www.tedleyn.com\/#\/schema\/logo\/image\/"},"sameAs":["https:\/\/www.facebook.com\/Tedleynmedya","https:\/\/x.com\/TedleynMedya"]}]}},"_links":{"self":[{"href":"https:\/\/www.tedleyn.com\/index.php\/wp-json\/wp\/v2\/pages\/397","targetHints":{"allow":["GET"]}}],"collection":[{"href":"https:\/\/www.tedleyn.com\/index.php\/wp-json\/wp\/v2\/pages"}],"about":[{"href":"https:\/\/www.tedleyn.com\/index.php\/wp-json\/wp\/v2\/types\/page"}],"author":[{"embeddable":true,"href":"https:\/\/www.tedleyn.com\/index.php\/wp-json\/wp\/v2\/users\/1"}],"replies":[{"embeddable":true,"href":"https:\/\/www.tedleyn.com\/index.php\/wp-json\/wp\/v2\/comments?post=397"}],"version-history":[{"count":16,"href":"https:\/\/www.tedleyn.com\/index.php\/wp-json\/wp\/v2\/pages\/397\/revisions"}],"predecessor-version":[{"id":431,"href":"https:\/\/www.tedleyn.com\/index.php\/wp-json\/wp\/v2\/pages\/397\/revisions\/431"}],"wp:attachment":[{"href":"https:\/\/www.tedleyn.com\/index.php\/wp-json\/wp\/v2\/media?parent=397"}],"curies":[{"name":"wp","href":"https:\/\/api.w.org\/{rel}","templated":true}]}}