{"id":400,"date":"2025-09-12T17:31:32","date_gmt":"2025-09-12T17:31:32","guid":{"rendered":"https:\/\/www.tedleyn.com\/?page_id=400"},"modified":"2025-09-21T17:32:17","modified_gmt":"2025-09-21T17:32:17","slug":"hakkimizda","status":"publish","type":"page","link":"https:\/\/www.tedleyn.com\/index.php\/hakkimizda\/","title":{"rendered":"Hakk\u0131m\u0131zda"},"content":{"rendered":"\t\t<div data-elementor-type=\"wp-page\" data-elementor-id=\"400\" class=\"elementor elementor-400\" data-elementor-post-type=\"page\">\n\t\t\t\t<div class=\"elementor-element elementor-element-328faa73 e-flex e-con-boxed e-con e-parent\" data-id=\"328faa73\" data-element_type=\"container\">\n\t\t\t\t\t<div class=\"e-con-inner\">\n\t\t\t\t<div class=\"elementor-element elementor-element-784c17f4 elementor-widget elementor-widget-text-editor\" data-id=\"784c17f4\" data-element_type=\"widget\" data-widget_type=\"text-editor.default\">\n\t\t\t\t\t\t\t\t\t<p data-start=\"431\" data-end=\"464\"><strong data-start=\"431\" data-end=\"464\">Son G\u00fcncelleme: 12 Eyl\u00fcl 2025<\/strong><\/p>\n<p data-start=\"316\" data-end=\"665\"><strong data-start=\"316\" data-end=\"333\">Tedleyn Medya<\/strong>, Cengiz G\u00fcneysel ve Setenay G\u00fcneysel taraf\u0131ndan 2014 y\u0131l\u0131nda \u201cTedleyn Medya Freelancer Works\u201d ad\u0131yla yarat\u0131c\u0131 bir serbest \u00e7al\u0131\u015fma platformu olarak kuruldu. O g\u00fcnden bu yana tasar\u0131m, teknoloji ve ileti\u015fim alanlar\u0131nda elde etti\u011fimiz deneyim ve \u00fcretim g\u00fcc\u00fcyle, 2020\u2019lerin dijital d\u00f6n\u00fc\u015f\u00fcm s\u00fcrecine \u00f6nc\u00fcl\u00fck eden ba\u011f\u0131ms\u0131z bir medya markas\u0131na d\u00f6n\u00fc\u015ft\u00fck.<\/p>\n<p data-start=\"667\" data-end=\"1022\">Bug\u00fcn Tedleyn Medya, <strong data-start=\"688\" data-end=\"743\">yapay zek\u00e2, tasar\u0131m, teknoloji ve dijital inovasyon<\/strong> alanlar\u0131nda i\u00e7erik \u00fcreten; haber, analiz ve yarat\u0131c\u0131 projeleri bir araya getiren bir <strong data-start=\"829\" data-end=\"852\">yeni medya st\u00fcdyosu<\/strong>dur. Sadece haber aktarmakla kalmay\u0131p; markalar, yarat\u0131c\u0131lar ve izleyiciler i\u00e7in ilham veren i\u00e7erikler \u00fcreterek, sekt\u00f6re y\u00f6n veren bir \u201ctrend k\u00fcrat\u00f6r\u00fc\u201d rol\u00fc \u00fcstleniyoruz.<\/p>\n<p data-start=\"1024\" data-end=\"1384\">Amac\u0131m\u0131z, T\u00fcrkiye\u2019den \u00e7\u0131kan yenilik\u00e7i bir medya markas\u0131 olarak; <strong data-start=\"1088\" data-end=\"1114\">global \u00f6l\u00e7ekte tan\u0131nan<\/strong>, dijital d\u00f6n\u00fc\u015f\u00fcm\u00fc okuyabilen ve yar\u0131n\u0131n medya al\u0131\u015fkanl\u0131klar\u0131n\u0131 \u015fekillendiren bir platform olmak. Geleneksel medya dilini, sosyal medya dinamikleri ve ileri teknolojilerle harmanlayarak izleyicilere <strong data-start=\"1313\" data-end=\"1361\">daha h\u0131zl\u0131, daha interaktif ve daha yarat\u0131c\u0131<\/strong> bir deneyim sunuyoruz.<\/p>\n<h3 data-start=\"2607\" data-end=\"2621\">\u0130leti\u015fim<\/h3>\n<p data-start=\"2622\" data-end=\"2758\">Bas\u0131n b\u00fcltenleri, i\u015f birli\u011fi ve sponsorluk i\u00e7in:<br data-start=\"2670\" data-end=\"2673\"><strong data-start=\"2676\" data-end=\"2701\"><a class=\"decorated-link cursor-pointer\" rel=\"noopener\" data-start=\"2678\" data-end=\"2699\">iletisim@tedleynmedya.com<\/a><\/strong><br data-start=\"2701\" data-end=\"2704\"><a class=\"decorated-link cursor-pointer\" target=\"_new\" rel=\"noopener\" data-start=\"2707\" data-end=\"2758\">www.tedleynmedya.com<\/a><\/p>\t\t\t\t\t\t\t\t<\/div>\n\t\t\t\t\t<\/div>\n\t\t\t\t<\/div>\n\t\t\t\t<\/div>\n\t\t","protected":false},"excerpt":{"rendered":"<p>Son G\u00fcncelleme: 12 Eyl\u00fcl 2025 Tedleyn Medya, Cengiz G\u00fcneysel ve Setenay G\u00fcneysel taraf\u0131ndan 2014 y\u0131l\u0131nda \u201cTedleyn Medya Freelancer Works\u201d ad\u0131yla yarat\u0131c\u0131 bir serbest \u00e7al\u0131\u015fma platformu olarak kuruldu. O g\u00fcnden bu yana tasar\u0131m, teknoloji ve ileti\u015fim alanlar\u0131nda elde etti\u011fimiz deneyim ve \u00fcretim g\u00fcc\u00fcyle, 2020\u2019lerin dijital d\u00f6n\u00fc\u015f\u00fcm s\u00fcrecine \u00f6nc\u00fcl\u00fck eden ba\u011f\u0131ms\u0131z bir medya markas\u0131na d\u00f6n\u00fc\u015ft\u00fck. Bug\u00fcn Tedleyn [&hellip;]<\/p>\n","protected":false},"author":1,"featured_media":0,"parent":0,"menu_order":0,"comment_status":"closed","ping_status":"closed","template":"","meta":{"jnews_page_loop":{"first_title":"Latest Post","header_type":"heading_6","layout":"right-sidebar","sidebar":"default-sidebar","second_sidebar":"default-sidebar","sticky_sidebar":"1","module":"3","main_custom_image_size":"default","second_custom_image_size":"default","excerpt_length":"20","content_date":"default","date_custom":"Y\/m\/d","content_pagination":"nav_1","pagination_align":"center","post_sticky":"0","post_offset":"0","posts_per_page":"5","sort_by":"latest"},"jnews_single_page":{"layout":"no-sidebar","sidebar":"default-sidebar","second_sidebar":"default-sidebar","sticky_sidebar":"1","show_post_title":"1","show_post_breadcrumbs":"1","show_post_featured":"1","share_position":"top","share_color":"share-monocrhome"},"footnotes":""},"class_list":["post-400","page","type-page","status-publish","hentry"],"yoast_head":"<!-- This site is optimized with the Yoast SEO plugin v27.3 - https:\/\/yoast.com\/product\/yoast-seo-wordpress\/ -->\n<title>Hakk\u0131m\u0131zda - Tedleyn Medya<\/title>\n<meta name=\"robots\" content=\"index, follow, max-snippet:-1, max-image-preview:large, max-video-preview:-1\" \/>\n<link rel=\"canonical\" href=\"https:\/\/www.tedleyn.com\/index.php\/hakkimizda\/\" \/>\n<meta property=\"og:locale\" content=\"tr_TR\" \/>\n<meta property=\"og:type\" content=\"article\" \/>\n<meta property=\"og:title\" content=\"Hakk\u0131m\u0131zda - Tedleyn Medya\" \/>\n<meta property=\"og:description\" content=\"Son G\u00fcncelleme: 12 Eyl\u00fcl 2025 Tedleyn Medya, Cengiz G\u00fcneysel ve Setenay G\u00fcneysel taraf\u0131ndan 2014 y\u0131l\u0131nda \u201cTedleyn Medya Freelancer Works\u201d ad\u0131yla yarat\u0131c\u0131 bir serbest \u00e7al\u0131\u015fma platformu olarak kuruldu. O g\u00fcnden bu yana tasar\u0131m, teknoloji ve ileti\u015fim alanlar\u0131nda elde etti\u011fimiz deneyim ve \u00fcretim g\u00fcc\u00fcyle, 2020\u2019lerin dijital d\u00f6n\u00fc\u015f\u00fcm s\u00fcrecine \u00f6nc\u00fcl\u00fck eden ba\u011f\u0131ms\u0131z bir medya markas\u0131na d\u00f6n\u00fc\u015ft\u00fck. Bug\u00fcn Tedleyn [&hellip;]\" \/>\n<meta property=\"og:url\" content=\"https:\/\/www.tedleyn.com\/index.php\/hakkimizda\/\" \/>\n<meta property=\"og:site_name\" content=\"Tedleyn Medya\" \/>\n<meta property=\"article:publisher\" content=\"https:\/\/www.facebook.com\/Tedleynmedya\" \/>\n<meta property=\"article:modified_time\" content=\"2025-09-21T17:32:17+00:00\" \/>\n<meta name=\"twitter:card\" content=\"summary_large_image\" \/>\n<meta name=\"twitter:site\" content=\"@TedleynMedya\" \/>\n<meta name=\"twitter:label1\" content=\"Tahmini okuma s\u00fcresi\" \/>\n\t<meta name=\"twitter:data1\" content=\"1 dakika\" \/>\n<script type=\"application\/ld+json\" class=\"yoast-schema-graph\">{\"@context\":\"https:\\\/\\\/schema.org\",\"@graph\":[{\"@type\":\"WebPage\",\"@id\":\"https:\\\/\\\/www.tedleyn.com\\\/index.php\\\/hakkimizda\\\/\",\"url\":\"https:\\\/\\\/www.tedleyn.com\\\/index.php\\\/hakkimizda\\\/\",\"name\":\"Hakk\u0131m\u0131zda - Tedleyn Medya\",\"isPartOf\":{\"@id\":\"https:\\\/\\\/www.tedleyn.com\\\/#website\"},\"datePublished\":\"2025-09-12T17:31:32+00:00\",\"dateModified\":\"2025-09-21T17:32:17+00:00\",\"breadcrumb\":{\"@id\":\"https:\\\/\\\/www.tedleyn.com\\\/index.php\\\/hakkimizda\\\/#breadcrumb\"},\"inLanguage\":\"tr\",\"potentialAction\":[{\"@type\":\"ReadAction\",\"target\":[\"https:\\\/\\\/www.tedleyn.com\\\/index.php\\\/hakkimizda\\\/\"]}]},{\"@type\":\"BreadcrumbList\",\"@id\":\"https:\\\/\\\/www.tedleyn.com\\\/index.php\\\/hakkimizda\\\/#breadcrumb\",\"itemListElement\":[{\"@type\":\"ListItem\",\"position\":1,\"name\":\"Anasayfa\",\"item\":\"https:\\\/\\\/www.tedleyn.com\\\/\"},{\"@type\":\"ListItem\",\"position\":2,\"name\":\"Hakk\u0131m\u0131zda\"}]},{\"@type\":\"WebSite\",\"@id\":\"https:\\\/\\\/www.tedleyn.com\\\/#website\",\"url\":\"https:\\\/\\\/www.tedleyn.com\\\/\",\"name\":\"Tedleyn Medya\",\"description\":\"&ldquo;Yapay Zeka &bull; Teknoloji &bull; Tasar\u0131mda Yeni Nesil Medya&rdquo;\",\"publisher\":{\"@id\":\"https:\\\/\\\/www.tedleyn.com\\\/#organization\"},\"potentialAction\":[{\"@type\":\"SearchAction\",\"target\":{\"@type\":\"EntryPoint\",\"urlTemplate\":\"https:\\\/\\\/www.tedleyn.com\\\/?s={search_term_string}\"},\"query-input\":{\"@type\":\"PropertyValueSpecification\",\"valueRequired\":true,\"valueName\":\"search_term_string\"}}],\"inLanguage\":\"tr\"},{\"@type\":\"Organization\",\"@id\":\"https:\\\/\\\/www.tedleyn.com\\\/#organization\",\"name\":\"Tedleyn Medya\",\"url\":\"https:\\\/\\\/www.tedleyn.com\\\/\",\"logo\":{\"@type\":\"ImageObject\",\"inLanguage\":\"tr\",\"@id\":\"https:\\\/\\\/www.tedleyn.com\\\/#\\\/schema\\\/logo\\\/image\\\/\",\"url\":\"https:\\\/\\\/www.tedleyn.com\\\/wp-content\\\/uploads\\\/2025\\\/09\\\/logo_3.png\",\"contentUrl\":\"https:\\\/\\\/www.tedleyn.com\\\/wp-content\\\/uploads\\\/2025\\\/09\\\/logo_3.png\",\"width\":313,\"height\":268,\"caption\":\"Tedleyn Medya\"},\"image\":{\"@id\":\"https:\\\/\\\/www.tedleyn.com\\\/#\\\/schema\\\/logo\\\/image\\\/\"},\"sameAs\":[\"https:\\\/\\\/www.facebook.com\\\/Tedleynmedya\",\"https:\\\/\\\/x.com\\\/TedleynMedya\"]}]}<\/script>\n<!-- \/ Yoast SEO plugin. -->","yoast_head_json":{"title":"Hakk\u0131m\u0131zda - Tedleyn Medya","robots":{"index":"index","follow":"follow","max-snippet":"max-snippet:-1","max-image-preview":"max-image-preview:large","max-video-preview":"max-video-preview:-1"},"canonical":"https:\/\/www.tedleyn.com\/index.php\/hakkimizda\/","og_locale":"tr_TR","og_type":"article","og_title":"Hakk\u0131m\u0131zda - Tedleyn Medya","og_description":"Son G\u00fcncelleme: 12 Eyl\u00fcl 2025 Tedleyn Medya, Cengiz G\u00fcneysel ve Setenay G\u00fcneysel taraf\u0131ndan 2014 y\u0131l\u0131nda \u201cTedleyn Medya Freelancer Works\u201d ad\u0131yla yarat\u0131c\u0131 bir serbest \u00e7al\u0131\u015fma platformu olarak kuruldu. O g\u00fcnden bu yana tasar\u0131m, teknoloji ve ileti\u015fim alanlar\u0131nda elde etti\u011fimiz deneyim ve \u00fcretim g\u00fcc\u00fcyle, 2020\u2019lerin dijital d\u00f6n\u00fc\u015f\u00fcm s\u00fcrecine \u00f6nc\u00fcl\u00fck eden ba\u011f\u0131ms\u0131z bir medya markas\u0131na d\u00f6n\u00fc\u015ft\u00fck. Bug\u00fcn Tedleyn [&hellip;]","og_url":"https:\/\/www.tedleyn.com\/index.php\/hakkimizda\/","og_site_name":"Tedleyn Medya","article_publisher":"https:\/\/www.facebook.com\/Tedleynmedya","article_modified_time":"2025-09-21T17:32:17+00:00","twitter_card":"summary_large_image","twitter_site":"@TedleynMedya","twitter_misc":{"Tahmini okuma s\u00fcresi":"1 dakika"},"schema":{"@context":"https:\/\/schema.org","@graph":[{"@type":"WebPage","@id":"https:\/\/www.tedleyn.com\/index.php\/hakkimizda\/","url":"https:\/\/www.tedleyn.com\/index.php\/hakkimizda\/","name":"Hakk\u0131m\u0131zda - Tedleyn Medya","isPartOf":{"@id":"https:\/\/www.tedleyn.com\/#website"},"datePublished":"2025-09-12T17:31:32+00:00","dateModified":"2025-09-21T17:32:17+00:00","breadcrumb":{"@id":"https:\/\/www.tedleyn.com\/index.php\/hakkimizda\/#breadcrumb"},"inLanguage":"tr","potentialAction":[{"@type":"ReadAction","target":["https:\/\/www.tedleyn.com\/index.php\/hakkimizda\/"]}]},{"@type":"BreadcrumbList","@id":"https:\/\/www.tedleyn.com\/index.php\/hakkimizda\/#breadcrumb","itemListElement":[{"@type":"ListItem","position":1,"name":"Anasayfa","item":"https:\/\/www.tedleyn.com\/"},{"@type":"ListItem","position":2,"name":"Hakk\u0131m\u0131zda"}]},{"@type":"WebSite","@id":"https:\/\/www.tedleyn.com\/#website","url":"https:\/\/www.tedleyn.com\/","name":"Tedleyn Medya","description":"&ldquo;Yapay Zeka &bull; Teknoloji &bull; Tasar\u0131mda Yeni Nesil Medya&rdquo;","publisher":{"@id":"https:\/\/www.tedleyn.com\/#organization"},"potentialAction":[{"@type":"SearchAction","target":{"@type":"EntryPoint","urlTemplate":"https:\/\/www.tedleyn.com\/?s={search_term_string}"},"query-input":{"@type":"PropertyValueSpecification","valueRequired":true,"valueName":"search_term_string"}}],"inLanguage":"tr"},{"@type":"Organization","@id":"https:\/\/www.tedleyn.com\/#organization","name":"Tedleyn Medya","url":"https:\/\/www.tedleyn.com\/","logo":{"@type":"ImageObject","inLanguage":"tr","@id":"https:\/\/www.tedleyn.com\/#\/schema\/logo\/image\/","url":"https:\/\/www.tedleyn.com\/wp-content\/uploads\/2025\/09\/logo_3.png","contentUrl":"https:\/\/www.tedleyn.com\/wp-content\/uploads\/2025\/09\/logo_3.png","width":313,"height":268,"caption":"Tedleyn Medya"},"image":{"@id":"https:\/\/www.tedleyn.com\/#\/schema\/logo\/image\/"},"sameAs":["https:\/\/www.facebook.com\/Tedleynmedya","https:\/\/x.com\/TedleynMedya"]}]}},"_links":{"self":[{"href":"https:\/\/www.tedleyn.com\/index.php\/wp-json\/wp\/v2\/pages\/400","targetHints":{"allow":["GET"]}}],"collection":[{"href":"https:\/\/www.tedleyn.com\/index.php\/wp-json\/wp\/v2\/pages"}],"about":[{"href":"https:\/\/www.tedleyn.com\/index.php\/wp-json\/wp\/v2\/types\/page"}],"author":[{"embeddable":true,"href":"https:\/\/www.tedleyn.com\/index.php\/wp-json\/wp\/v2\/users\/1"}],"replies":[{"embeddable":true,"href":"https:\/\/www.tedleyn.com\/index.php\/wp-json\/wp\/v2\/comments?post=400"}],"version-history":[{"count":7,"href":"https:\/\/www.tedleyn.com\/index.php\/wp-json\/wp\/v2\/pages\/400\/revisions"}],"predecessor-version":[{"id":631,"href":"https:\/\/www.tedleyn.com\/index.php\/wp-json\/wp\/v2\/pages\/400\/revisions\/631"}],"wp:attachment":[{"href":"https:\/\/www.tedleyn.com\/index.php\/wp-json\/wp\/v2\/media?parent=400"}],"curies":[{"name":"wp","href":"https:\/\/api.w.org\/{rel}","templated":true}]}}